{"id":4633,"date":"2016-06-30T10:33:47","date_gmt":"2016-06-30T08:33:47","guid":{"rendered":"https:\/\/www.pce.eu\/pelleting-consumables-europe\/"},"modified":"2024-08-29T10:04:07","modified_gmt":"2024-08-29T08:04:07","slug":"pelleting-consumables-europe","status":"publish","type":"page","link":"https:\/\/www.pce.eu\/hu\/","title":{"rendered":"Pelleting Consumables Europe"},"content":{"rendered":"<div class=\"pbs-main-wrapper\"><p>&nbsp;<\/p>\n<p><img loading=\"lazy\" decoding=\"async\" class=\"alignright wp-image-4858\" style=\"position: absolute; right: 0; transform: translate(100%, 0px); top: -20px;\" src=\"https:\/\/www.pce.eu\/wp-content\/uploads\/2020\/03\/LOGO-erfa-1024x708.jpg\" alt=\"\" width=\"200\" height=\"138\" srcset=\"https:\/\/www.pce.eu\/wp-content\/uploads\/2020\/03\/LOGO-erfa-1024x708.jpg 1024w, https:\/\/www.pce.eu\/wp-content\/uploads\/2020\/03\/LOGO-erfa-300x207.jpg 300w, https:\/\/www.pce.eu\/wp-content\/uploads\/2020\/03\/LOGO-erfa-768x531.jpg 768w, https:\/\/www.pce.eu\/wp-content\/uploads\/2020\/03\/LOGO-erfa.jpg 1453w\" sizes=\"auto, (max-width: 200px) 100vw, 200px\" \/><\/p>\n<div class=\"pbs-row\">\n<div class=\"pbs-col\">\n<p>A Pelleting Consumables Europe (PCE) ide\u00e1lis partner, amennyiben kiv\u00e1l\u00f3 min\u0151s\u00e9g\u0171 gy\u0171r\u0171s pr\u00e9smatric\u00e1kra \u00e9s g\u00f6rg\u0151pal\u00e1stokra van sz\u00fcks\u00e9ge pellet\u00e1l\u00f3 berendez\u00e9seihez, hiszen minden g\u00e9pt\u00edpushoz biztos\u00edtjuk az alkatr\u00e9szell\u00e1t\u00e1st. Term\u00e9keinkkel garant\u00e1lt az optim\u00e1lis pelletmin\u0151s\u00e9g. Pr\u00e9smatric\u00e1kat \u00e9s g\u00f6rg\u0151pal\u00e1stokat k\u00edn\u00e1lunk a kevert takarm\u00e1ny el\u0151\u00e1ll\u00edt\u00e1s, bio\u00fczemanyag gy\u00e1rt\u00e1s, az \u00fajrahasznos\u00edt\u00e1s \u00e9s egy\u00e9b m\u00e1s ipar\u00e1gak pellet\u00e1l\u00f3 berendez\u00e9seihez.<\/p>\n<\/div>\n<div class=\"pbs-col\"><\/div>\n<\/div>\n<div class=\"pbs-row\">\n<div class=\"pbs-col\">\n<p>A PCE JELLEMZ\u0150I<\/p>\n<ul>\n<li>Els\u0151 oszt\u00e1ly\u00fa ac\u00e9l<\/li>\n<li>Preciz gy\u00e1rt\u00e1s<\/li>\n<li>Egyed\u00fcl\u00e1ll\u00f3 furatmint\u00e1zat<\/li>\n<li>Egyenletes kem\u00e9nys\u00e9g (53-55 HRC)<br \/>\nDimenzion\u00e1lis stabilit\u00e1s<\/li>\n<li>Folyamatos min\u0151s\u00e9gellen\u0151rz\u00e9s<br \/>\nKisz\u00e1ll\u00edt\u00e1s bej\u00e1ratott \u00e1llapotban<\/li>\n<li>R\u00f6vid sz\u00e1ll\u00edt\u00e1si hat\u00e1rid\u0151<br \/>\nSz\u00e1ll\u00edt\u00e1s \u00e9s szerv\u00edzszolg\u00e1ltat\u00e1sok vil\u00e1gszerte<\/li>\n<li>V\u00e1kuumos h\u0151kezel\u00e9s<\/li>\n<\/ul>\n<\/div>\n<div class=\"pbs-col\">\n<p><iframe loading=\"lazy\" title=\"Pelleting Consumables Europe - Just perfect Dies\" width=\"500\" height=\"281\" src=\"https:\/\/www.youtube.com\/embed\/x-a_eF1IocM?feature=oembed\" frameborder=\"0\" allow=\"accelerometer; autoplay; clipboard-write; encrypted-media; gyroscope; picture-in-picture; web-share\" referrerpolicy=\"strict-origin-when-cross-origin\" allowfullscreen><\/iframe><\/p>\n<\/div>\n<\/div>\n<\/div>","protected":false},"excerpt":{"rendered":"<p>&nbsp; A Pelleting Consumables Europe (PCE) ide\u00e1lis partner, amennyiben kiv\u00e1l\u00f3 min\u0151s\u00e9g\u0171 gy\u0171r\u0171s pr\u00e9smatric\u00e1kra \u00e9s g\u00f6rg\u0151pal\u00e1stokra van sz\u00fcks\u00e9ge pellet\u00e1l\u00f3 berendez\u00e9seihez, hiszen minden g\u00e9pt\u00edpushoz biztos\u00edtjuk az alkatr\u00e9szell\u00e1t\u00e1st. Term\u00e9keinkkel garant\u00e1lt az optim\u00e1lis pelletmin\u0151s\u00e9g. Pr\u00e9smatric\u00e1kat \u00e9s g\u00f6rg\u0151pal\u00e1stokat k\u00edn\u00e1lunk a kevert takarm\u00e1ny el\u0151\u00e1ll\u00edt\u00e1s, bio\u00fczemanyag gy\u00e1rt\u00e1s, az \u00fajrahasznos\u00edt\u00e1s \u00e9s egy\u00e9b m\u00e1s ipar\u00e1gak pellet\u00e1l\u00f3 berendez\u00e9seihez. A PCE JELLEMZ\u0150I Els\u0151 oszt\u00e1ly\u00fa ac\u00e9l Preciz [&hellip;]<\/p>\n","protected":false},"author":1,"featured_media":0,"parent":0,"menu_order":1,"comment_status":"closed","ping_status":"closed","template":"","meta":{"footnotes":""},"class_list":["post-4633","page","type-page","status-publish","hentry"],"yoast_head":"<!-- This site is optimized with the Yoast SEO plugin v25.0 - https:\/\/yoast.com\/wordpress\/plugins\/seo\/ -->\n<title>Home - Pelleting Consumables Europe<\/title>\n<meta name=\"description\" content=\"Pelleting Consumables Europe (PCE) is your ideal partner for dies and roller shells for all brands and types of pellet presses. PCE dies assure you the best quality pellets suitable for compound feed, fish feed, wood pellets and many other products.\" \/>\n<meta name=\"robots\" content=\"index, follow, max-snippet:-1, max-image-preview:large, max-video-preview:-1\" \/>\n<link rel=\"canonical\" href=\"https:\/\/www.pce.eu\/hu\/\" \/>\n<meta property=\"og:locale\" content=\"hu_HU\" \/>\n<meta property=\"og:type\" content=\"article\" \/>\n<meta property=\"og:title\" content=\"Home - Pelleting Consumables Europe\" \/>\n<meta property=\"og:description\" content=\"Pelleting Consumables Europe (PCE) is your ideal partner for dies and roller shells for all brands and types of pellet presses. PCE dies assure you the best quality pellets suitable for compound feed, fish feed, wood pellets and many other products.\" \/>\n<meta property=\"og:url\" content=\"https:\/\/www.pce.eu\/hu\/\" \/>\n<meta property=\"og:site_name\" content=\"PCE\" \/>\n<meta property=\"article:modified_time\" content=\"2024-08-29T08:04:07+00:00\" \/>\n<meta property=\"og:image\" content=\"https:\/\/www.pce.eu\/wp-content\/uploads\/2020\/03\/LOGO-erfa-1024x708.jpg\" \/>\n<meta name=\"twitter:card\" content=\"summary_large_image\" \/>\n<meta name=\"twitter:label1\" content=\"Est. reading time\" \/>\n\t<meta name=\"twitter:data1\" content=\"1 minute\" \/>\n<script type=\"application\/ld+json\" class=\"yoast-schema-graph\">{\"@context\":\"https:\/\/schema.org\",\"@graph\":[{\"@type\":\"WebPage\",\"@id\":\"https:\/\/www.pce.eu\/hu\/\",\"url\":\"https:\/\/www.pce.eu\/hu\/\",\"name\":\"Home - Pelleting Consumables Europe\",\"isPartOf\":{\"@id\":\"https:\/\/www.pce.eu\/#website\"},\"primaryImageOfPage\":{\"@id\":\"https:\/\/www.pce.eu\/hu\/#primaryimage\"},\"image\":{\"@id\":\"https:\/\/www.pce.eu\/hu\/#primaryimage\"},\"thumbnailUrl\":\"https:\/\/www.pce.eu\/wp-content\/uploads\/2020\/03\/LOGO-erfa-1024x708.jpg\",\"datePublished\":\"2016-06-30T08:33:47+00:00\",\"dateModified\":\"2024-08-29T08:04:07+00:00\",\"description\":\"Pelleting Consumables Europe (PCE) is your ideal partner for dies and roller shells for all brands and types of pellet presses. PCE dies assure you the best quality pellets suitable for compound feed, fish feed, wood pellets and many other products.\",\"breadcrumb\":{\"@id\":\"https:\/\/www.pce.eu\/hu\/#breadcrumb\"},\"inLanguage\":\"hu-HU\",\"potentialAction\":[{\"@type\":\"ReadAction\",\"target\":[\"https:\/\/www.pce.eu\/hu\/\"]}]},{\"@type\":\"ImageObject\",\"inLanguage\":\"hu-HU\",\"@id\":\"https:\/\/www.pce.eu\/hu\/#primaryimage\",\"url\":\"https:\/\/www.pce.eu\/wp-content\/uploads\/2020\/03\/LOGO-erfa-1024x708.jpg\",\"contentUrl\":\"https:\/\/www.pce.eu\/wp-content\/uploads\/2020\/03\/LOGO-erfa-1024x708.jpg\"},{\"@type\":\"BreadcrumbList\",\"@id\":\"https:\/\/www.pce.eu\/hu\/#breadcrumb\",\"itemListElement\":[{\"@type\":\"ListItem\",\"position\":1,\"name\":\"Home\",\"item\":\"https:\/\/www.pce.eu\/hu\/\"},{\"@type\":\"ListItem\",\"position\":2,\"name\":\"Pelleting Consumables Europe\"}]},{\"@type\":\"WebSite\",\"@id\":\"https:\/\/www.pce.eu\/#website\",\"url\":\"https:\/\/www.pce.eu\/\",\"name\":\"PCE\",\"description\":\"Pelleting Consumables Europe\",\"potentialAction\":[{\"@type\":\"SearchAction\",\"target\":{\"@type\":\"EntryPoint\",\"urlTemplate\":\"https:\/\/www.pce.eu\/?s={search_term_string}\"},\"query-input\":{\"@type\":\"PropertyValueSpecification\",\"valueRequired\":true,\"valueName\":\"search_term_string\"}}],\"inLanguage\":\"hu-HU\"}]}<\/script>\n<!-- \/ Yoast SEO plugin. -->","yoast_head_json":{"title":"Home - Pelleting Consumables Europe","description":"Pelleting Consumables Europe (PCE) is your ideal partner for dies and roller shells for all brands and types of pellet presses. PCE dies assure you the best quality pellets suitable for compound feed, fish feed, wood pellets and many other products.","robots":{"index":"index","follow":"follow","max-snippet":"max-snippet:-1","max-image-preview":"max-image-preview:large","max-video-preview":"max-video-preview:-1"},"canonical":"https:\/\/www.pce.eu\/hu\/","og_locale":"hu_HU","og_type":"article","og_title":"Home - Pelleting Consumables Europe","og_description":"Pelleting Consumables Europe (PCE) is your ideal partner for dies and roller shells for all brands and types of pellet presses. PCE dies assure you the best quality pellets suitable for compound feed, fish feed, wood pellets and many other products.","og_url":"https:\/\/www.pce.eu\/hu\/","og_site_name":"PCE","article_modified_time":"2024-08-29T08:04:07+00:00","og_image":[{"url":"https:\/\/www.pce.eu\/wp-content\/uploads\/2020\/03\/LOGO-erfa-1024x708.jpg","type":"","width":"","height":""}],"twitter_card":"summary_large_image","twitter_misc":{"Est. reading time":"1 minute"},"schema":{"@context":"https:\/\/schema.org","@graph":[{"@type":"WebPage","@id":"https:\/\/www.pce.eu\/hu\/","url":"https:\/\/www.pce.eu\/hu\/","name":"Home - Pelleting Consumables Europe","isPartOf":{"@id":"https:\/\/www.pce.eu\/#website"},"primaryImageOfPage":{"@id":"https:\/\/www.pce.eu\/hu\/#primaryimage"},"image":{"@id":"https:\/\/www.pce.eu\/hu\/#primaryimage"},"thumbnailUrl":"https:\/\/www.pce.eu\/wp-content\/uploads\/2020\/03\/LOGO-erfa-1024x708.jpg","datePublished":"2016-06-30T08:33:47+00:00","dateModified":"2024-08-29T08:04:07+00:00","description":"Pelleting Consumables Europe (PCE) is your ideal partner for dies and roller shells for all brands and types of pellet presses. PCE dies assure you the best quality pellets suitable for compound feed, fish feed, wood pellets and many other products.","breadcrumb":{"@id":"https:\/\/www.pce.eu\/hu\/#breadcrumb"},"inLanguage":"hu-HU","potentialAction":[{"@type":"ReadAction","target":["https:\/\/www.pce.eu\/hu\/"]}]},{"@type":"ImageObject","inLanguage":"hu-HU","@id":"https:\/\/www.pce.eu\/hu\/#primaryimage","url":"https:\/\/www.pce.eu\/wp-content\/uploads\/2020\/03\/LOGO-erfa-1024x708.jpg","contentUrl":"https:\/\/www.pce.eu\/wp-content\/uploads\/2020\/03\/LOGO-erfa-1024x708.jpg"},{"@type":"BreadcrumbList","@id":"https:\/\/www.pce.eu\/hu\/#breadcrumb","itemListElement":[{"@type":"ListItem","position":1,"name":"Home","item":"https:\/\/www.pce.eu\/hu\/"},{"@type":"ListItem","position":2,"name":"Pelleting Consumables Europe"}]},{"@type":"WebSite","@id":"https:\/\/www.pce.eu\/#website","url":"https:\/\/www.pce.eu\/","name":"PCE","description":"Pelleting Consumables Europe","potentialAction":[{"@type":"SearchAction","target":{"@type":"EntryPoint","urlTemplate":"https:\/\/www.pce.eu\/?s={search_term_string}"},"query-input":{"@type":"PropertyValueSpecification","valueRequired":true,"valueName":"search_term_string"}}],"inLanguage":"hu-HU"}]}},"_links":{"self":[{"href":"https:\/\/www.pce.eu\/hu\/wp-json\/wp\/v2\/pages\/4633","targetHints":{"allow":["GET"]}}],"collection":[{"href":"https:\/\/www.pce.eu\/hu\/wp-json\/wp\/v2\/pages"}],"about":[{"href":"https:\/\/www.pce.eu\/hu\/wp-json\/wp\/v2\/types\/page"}],"author":[{"embeddable":true,"href":"https:\/\/www.pce.eu\/hu\/wp-json\/wp\/v2\/users\/1"}],"replies":[{"embeddable":true,"href":"https:\/\/www.pce.eu\/hu\/wp-json\/wp\/v2\/comments?post=4633"}],"version-history":[{"count":8,"href":"https:\/\/www.pce.eu\/hu\/wp-json\/wp\/v2\/pages\/4633\/revisions"}],"predecessor-version":[{"id":5160,"href":"https:\/\/www.pce.eu\/hu\/wp-json\/wp\/v2\/pages\/4633\/revisions\/5160"}],"wp:attachment":[{"href":"https:\/\/www.pce.eu\/hu\/wp-json\/wp\/v2\/media?parent=4633"}],"curies":[{"name":"wp","href":"https:\/\/api.w.org\/{rel}","templated":true}]}}